{"id":24,"date":"2025-02-14T14:51:59","date_gmt":"2025-02-14T13:51:59","guid":{"rendered":"https:\/\/wp2.e-skoleni.cz\/?page_id=2"},"modified":"2025-03-28T08:32:49","modified_gmt":"2025-03-28T07:32:49","slug":"home","status":"publish","type":"page","link":"https:\/\/wp2.e-skoleni.cz\/","title":{"rendered":"Domovsk\u00e1 str\u00e1nka"},"content":{"rendered":"\n<p class=\"has-drop-cap has-text-color has-link-color has-large-font-size wp-elements-ba448f28fb36f7a631d55a800394d867\" style=\"color:#eeefad;line-height:1.6\">WordPress je celosv\u011btov\u011b nejpou\u017e\u00edvan\u011bj\u0161\u00ed CMS syst\u00e9m pro tvorbu web\u016f. Umo\u017e\u0148uje vystav\u011bt modern\u00ed, bezpe\u010dn\u00e9 a&nbsp;perfektn\u011b funk\u010dn\u00ed str\u00e1nky bez znalost\u00ed programovac\u00edch jazyk\u016f. Pou\u017eit\u00fd byl i&nbsp;pro tento web, kter\u00fd je v\u00fdsledkem praktick\u00fdch \u00faloh v&nbsp;kurzu <a href=\"https:\/\/centrum-vzdelavani.cz\/skoleni-a-kurzy\/rekvalifikace-a-profesni-kvalifikace\/pocitace-a-it\/#tvorba-webovych-stranek\" target=\"_blank\" rel=\"noreferrer noopener\">Tvorba webov\u00fdch str\u00e1nek<\/a>.<\/p>\n\n\n<div class=\"wp-block-image is-style-rounded\">\n<figure class=\"aligncenter size-full is-resized\"><img loading=\"lazy\" decoding=\"async\" width=\"1734\" height=\"1734\" src=\"http:\/\/wp2.e-skoleni.cz\/wp-content\/uploads\/2025\/03\/wordpress-aha.png\" alt=\"Postava s logem WordPressu\" class=\"wp-image-533\" style=\"object-fit:cover;width:300px;height:auto\"\/><figcaption class=\"wp-element-caption\"><mark style=\"background-color:rgba(0, 0, 0, 0)\" class=\"has-inline-color has-white-color\">WordPress? Dobr\u00e1 volba!<\/mark><\/figcaption><\/figure>\n<\/div>\n\n\n<p>WordPress je aplikace spl\u0148uj\u00edc\u00ed v\u0161echny z\u00e1sadn\u00ed n\u00e1roky na&nbsp;sou\u010dasn\u00fd web. Na&nbsp;ten se dnes kladou r\u016fzn\u00e9 n\u00e1roky, ty nejz\u00e1sadn\u011bj\u0161\u00ed jsou uvedeny v&nbsp;n\u00e1sleduj\u00edc\u00edm seznamu.<\/p>\n\n\n\n<ul reversed class=\"wp-block-list\">\n<li>Vysok\u00fd v\u00fdkon webu.<\/li>\n\n\n\n<li>Responzivn\u00ed design.<\/li>\n\n\n\n<li>Kvalitn\u00ed zabezpe\u010den\u00ed.<\/li>\n\n\n\n<li>Dobr\u00e1 SEO optimalizace.<\/li>\n<\/ul>\n\n\n\n<p>Uveden\u00e9 vlastnosti jsou u&nbsp;webu postaven\u00e9m na&nbsp;CMS&nbsp;WordPress pln\u011b dosa\u017eiteln\u00e9. Jejich limity jsou ovlivn\u011bn\u00e9 pouze kvalitou postupu p\u0159i&nbsp;sestavov\u00e1n\u00ed webu, dodr\u017eov\u00e1n\u00edm pravideln\u00e9 \u00fadr\u017eby webu a&nbsp;parametry zvolen\u00e9ho hostingu.<\/p>\n\n\n<div class=\"wp-block-image\">\n<figure class=\"aligncenter size-full\"><img loading=\"lazy\" decoding=\"async\" width=\"1000\" height=\"384\" src=\"http:\/\/wp2.e-skoleni.cz\/wp-content\/uploads\/2025\/03\/wordpress.png\" alt=\"Ozuben\u00e9 soukol\u00ed s logy WordPressu\" class=\"wp-image-536\"\/><\/figure>\n<\/div>\n\n\n<h2 class=\"wp-block-heading has-text-align-center\">Po\u017eadavky<\/h2>\n\n\n\n<div class=\"wp-block-columns alignwide is-style-default is-layout-flex wp-container-core-columns-is-layout-9d6595d7 wp-block-columns-is-layout-flex\">\n<div class=\"wp-block-column is-layout-flow wp-block-column-is-layout-flow\">\n<p>WordPress je aplikace, kterou je t\u0159eba nainstalovat na webov\u00fd server poskytnut\u00fd slu\u017ebou webov\u00e9ho hostingu. Ten by m\u011bl b\u011b\u017eet na opera\u010dn\u00edm syst\u00e9mu Linux a m\u00edt vedle uveden\u00e9 parametry.<\/p>\n\n\n\n<p>V\u011bt\u0161ina hosting\u016f se dnes na provoz WordPressu zam\u011b\u0159uje a v\u0161echny pot\u0159ebn\u00e9 parametry spl\u0148uje. K&nbsp;tomu nav\u00edc nab\u00edz\u00ed jeho instal\u00e1tor p\u0159\u00edmo v administra\u010dn\u00edm prost\u0159ed\u00ed hostingu.<\/p>\n<\/div>\n\n\n\n<div class=\"wp-block-column is-layout-flow wp-block-column-is-layout-flow\">\n<ul class=\"wp-block-list\">\n<li>Webov\u00fd server Apache nebo NGinx.<\/li>\n\n\n\n<li>Datab\u00e1ze MySQL nebo MariaDB.<\/li>\n\n\n\n<li>Opera\u010dn\u00ed pam\u011b\u0165 alespo\u0148 128 MB RAM.<\/li>\n\n\n\n<li>Prostor pro soubory alespo\u0148 10 GB.<\/li>\n<\/ul>\n<\/div>\n<\/div>\n\n\n\n<h2 class=\"wp-block-heading has-text-align-center\">Cena<\/h2>\n\n\n\n<div class=\"wp-block-columns alignwide is-style-default is-layout-flex wp-container-core-columns-is-layout-9d6595d7 wp-block-columns-is-layout-flex\">\n<div class=\"wp-block-column is-layout-flow wp-block-column-is-layout-flow\">\n<p>WordPress je vyv\u00edjen\u00fd pod licenc\u00ed&nbsp;GNU GPL, co\u017e je licence pro svobodn\u00fd software. Je tedy zdarma a&nbsp;sou\u010dasn\u011b pr\u00fd k nezaplacen\u00ed. Je tak mo\u017en\u00e9 provozovat web bez v\u00fddaj\u016f? \u010c\u00e1ste\u010dn\u011b ano, ale bez v\u00fddaj\u016f, jak lze zjistit ve vedle uveden\u00e9m p\u0159ehledu, to zcela nep\u016fjde.<\/p>\n<\/div>\n\n\n\n<div class=\"wp-block-column is-layout-flow wp-block-column-is-layout-flow\">\n<ul class=\"wp-block-list\">\n<li>WordPress je zdarma.<\/li>\n\n\n\n<li>V\u011bt\u0161ina plugin\u016f, pot\u0159ebn\u00fdch pro provoz webu je zdarma.<\/li>\n\n\n\n<li>\u0160ablonu lze z\u00edskat zdarma, ale tak\u00e9 za \u00faplatu.<\/li>\n\n\n\n<li>Pravideln\u00e1 \u00fahradu vy\u017eaduje vlastnictv\u00ed dom\u00e9nov\u00e9ho jm\u00e9na, a hlavn\u011b slu\u017eba webov\u00e9ho hostingu.<\/li>\n\n\n\n<li>Na webu je nutn\u00e9 prov\u00e1d\u011bt pravidelnou \u00fadr\u017ebu. Pokud to nebudete d\u011blat sami, budete za&nbsp;tuto \u010dinnost platit najat\u00e9mu profesion\u00e1lu.<\/li>\n<\/ul>\n<\/div>\n<\/div>\n\n\n\n<h2 class=\"wp-block-heading has-text-align-center\">Uk\u00e1zky web\u016f<\/h2>\n\n\n\n<figure class=\"wp-block-gallery alignwide has-nested-images columns-6 is-cropped wp-block-gallery-1 is-layout-flex wp-block-gallery-is-layout-flex\" style=\"padding-right:2%;padding-left:2%\">\n<figure class=\"wp-block-image size-full\"><a href=\"http:\/\/wp2.e-skoleni.cz\/wp-content\/uploads\/2025\/03\/white-house.png\"><img loading=\"lazy\" decoding=\"async\" width=\"1404\" height=\"935\" data-id=\"543\" src=\"http:\/\/wp2.e-skoleni.cz\/wp-content\/uploads\/2025\/03\/white-house.png\" alt=\"Web WhiteHouse.gov\" class=\"wp-image-543\"\/><\/a><figcaption class=\"wp-element-caption\"><a href=\"https:\/\/www.whitehouse.gov\/\" data-type=\"link\" data-id=\"https:\/\/www.whitehouse.gov\/\" target=\"_blank\" rel=\"noreferrer noopener nofollow\"><mark style=\"background-color:#1a144f\" class=\"has-inline-color has-white-color\">WhiteHouse.gov<\/mark><\/a><\/figcaption><\/figure>\n\n\n\n<figure class=\"wp-block-image size-full is-style-default\"><a href=\"http:\/\/wp2.e-skoleni.cz\/wp-content\/uploads\/2025\/03\/mercedes.png\" target=\"_blank\" rel=\" noreferrer noopener\"><img loading=\"lazy\" decoding=\"async\" width=\"1310\" height=\"874\" data-id=\"539\" src=\"http:\/\/wp2.e-skoleni.cz\/wp-content\/uploads\/2025\/03\/mercedes.png\" alt=\"Web Mercedes-Benz.com\" class=\"wp-image-539\"\/><\/a><figcaption class=\"wp-element-caption\"><a href=\"https:\/\/www.mercedes-benz.com\/en\/\" data-type=\"link\" data-id=\"https:\/\/www.mercedes-benz.com\/en\/\" target=\"_blank\" rel=\"noreferrer noopener nofollow\"><mark style=\"background-color:#1a144f\" class=\"has-inline-color has-white-color\">Mercedes-Benz.com<\/mark><\/a><\/figcaption><\/figure>\n\n\n\n<figure class=\"wp-block-image size-full is-style-default\"><a href=\"http:\/\/wp2.e-skoleni.cz\/wp-content\/uploads\/2025\/03\/new-yorker.png\" target=\"_blank\" rel=\" noreferrer noopener\"><img loading=\"lazy\" decoding=\"async\" width=\"1392\" height=\"928\" data-id=\"540\" src=\"http:\/\/wp2.e-skoleni.cz\/wp-content\/uploads\/2025\/03\/new-yorker.png\" alt=\"Web NewYorker.com\" class=\"wp-image-540\"\/><\/a><figcaption class=\"wp-element-caption\"><a href=\"https:\/\/www.newyorker.com\/\" data-type=\"link\" data-id=\"https:\/\/www.newyorker.com\/\" target=\"_blank\" rel=\"noreferrer noopener nofollow\"><mark style=\"background-color:#1a144f\" class=\"has-inline-color has-white-color\">NewYorker.com<\/mark><\/a><\/figcaption><\/figure>\n\n\n\n<figure class=\"wp-block-image size-full\"><a href=\"http:\/\/wp2.e-skoleni.cz\/wp-content\/uploads\/2025\/03\/usain-bolt.png\" target=\"_blank\" rel=\" noreferrer noopener\"><img loading=\"lazy\" decoding=\"async\" width=\"1264\" height=\"843\" data-id=\"542\" src=\"http:\/\/wp2.e-skoleni.cz\/wp-content\/uploads\/2025\/03\/usain-bolt.png\" alt=\"Web UsainBolt.com\" class=\"wp-image-542\"\/><\/a><figcaption class=\"wp-element-caption\"><a href=\"https:\/\/usainbolt.com\/\" data-type=\"link\" data-id=\"https:\/\/usainbolt.com\/\" target=\"_blank\" rel=\"noreferrer noopener nofollow\"><mark style=\"background-color:#1a144f\" class=\"has-inline-color has-white-color\">UsainBolt.com<\/mark><\/a><\/figcaption><\/figure>\n\n\n\n<figure class=\"wp-block-image size-full\"><a href=\"http:\/\/wp2.e-skoleni.cz\/wp-content\/uploads\/2025\/03\/rolling-stones.png\" target=\"_blank\" rel=\" noreferrer noopener\"><img loading=\"lazy\" decoding=\"async\" width=\"1380\" height=\"920\" data-id=\"541\" src=\"http:\/\/wp2.e-skoleni.cz\/wp-content\/uploads\/2025\/03\/rolling-stones.png\" alt=\"Web RollingStnoes.com\" class=\"wp-image-541\"\/><\/a><figcaption class=\"wp-element-caption\"><a href=\"https:\/\/rollingstones.com\/\" data-type=\"link\" data-id=\"https:\/\/rollingstones.com\/\" target=\"_blank\" rel=\"noreferrer noopener nofollow\"><mark style=\"background-color:#1a144f\" class=\"has-inline-color has-white-color\">RollingStnoes.com<\/mark><\/a><\/figcaption><\/figure>\n\n\n\n<figure class=\"wp-block-image size-full\"><a href=\"http:\/\/wp2.e-skoleni.cz\/wp-content\/uploads\/2025\/03\/bata.png\" target=\"_blank\" rel=\" noreferrer noopener\"><img loading=\"lazy\" decoding=\"async\" width=\"1305\" height=\"871\" data-id=\"538\" src=\"http:\/\/wp2.e-skoleni.cz\/wp-content\/uploads\/2025\/03\/bata.png\" alt=\"Web Bata.com\" class=\"wp-image-538\"\/><\/a><figcaption class=\"wp-element-caption\"><a href=\"https:\/\/www.bata.com\/cz\/\" data-type=\"link\" data-id=\"https:\/\/www.bata.com\/cz\/\" target=\"_blank\" rel=\"noreferrer noopener nofollow\"><mark style=\"background-color:#1a144f\" class=\"has-inline-color has-white-color\">Bata.com<\/mark><\/a><\/figcaption><\/figure>\n<figcaption class=\"blocks-gallery-caption wp-element-caption\"><mark style=\"background-color:rgba(0, 0, 0, 0)\" class=\"has-inline-color has-white-color\">N\u011bkter\u00e9 sv\u011btov\u00e9 WordPress weby<\/mark><\/figcaption><\/figure>\n\n\n\n<p><\/p>\n","protected":false},"excerpt":{"rendered":"<p>WordPress je celosv\u011btov\u011b nejpou\u017e\u00edvan\u011bj\u0161\u00ed CMS syst\u00e9m pro tvorbu web\u016f. Umo\u017e\u0148uje vystav\u011bt modern\u00ed, bezpe\u010dn\u00e9 a&nbsp;perfektn\u011b funk\u010dn\u00ed str\u00e1nky bez znalost\u00ed programovac\u00edch jazyk\u016f. Pou\u017eit\u00fd byl i&nbsp;pro tento web, kter\u00fd je v\u00fdsledkem praktick\u00fdch \u00faloh v&nbsp;kurzu Tvorba webov\u00fdch str\u00e1nek. WordPress je aplikace spl\u0148uj\u00edc\u00ed v\u0161echny z\u00e1sadn\u00ed n\u00e1roky na&nbsp;sou\u010dasn\u00fd web. Na&nbsp;ten se dnes kladou r\u016fzn\u00e9 n\u00e1roky, ty nejz\u00e1sadn\u011bj\u0161\u00ed jsou uvedeny v&nbsp;n\u00e1sleduj\u00edc\u00edm seznamu.&hellip; <a class=\"more-link\" href=\"https:\/\/wp2.e-skoleni.cz\/\">Pokra\u010dovat ve\u00a0\u010dten\u00ed <span class=\"screen-reader-text\">Domovsk\u00e1 str\u00e1nka<\/span><\/a><\/p>\n","protected":false},"author":4,"featured_media":0,"parent":0,"menu_order":0,"comment_status":"closed","ping_status":"closed","template":"","meta":{"footnotes":""},"class_list":["post-24","page","type-page","status-publish","hentry","entry"],"_links":{"self":[{"href":"https:\/\/wp2.e-skoleni.cz\/index.php?rest_route=\/wp\/v2\/pages\/24","targetHints":{"allow":["GET"]}}],"collection":[{"href":"https:\/\/wp2.e-skoleni.cz\/index.php?rest_route=\/wp\/v2\/pages"}],"about":[{"href":"https:\/\/wp2.e-skoleni.cz\/index.php?rest_route=\/wp\/v2\/types\/page"}],"author":[{"embeddable":true,"href":"https:\/\/wp2.e-skoleni.cz\/index.php?rest_route=\/wp\/v2\/users\/4"}],"replies":[{"embeddable":true,"href":"https:\/\/wp2.e-skoleni.cz\/index.php?rest_route=%2Fwp%2Fv2%2Fcomments&post=24"}],"version-history":[{"count":18,"href":"https:\/\/wp2.e-skoleni.cz\/index.php?rest_route=\/wp\/v2\/pages\/24\/revisions"}],"predecessor-version":[{"id":556,"href":"https:\/\/wp2.e-skoleni.cz\/index.php?rest_route=\/wp\/v2\/pages\/24\/revisions\/556"}],"wp:attachment":[{"href":"https:\/\/wp2.e-skoleni.cz\/index.php?rest_route=%2Fwp%2Fv2%2Fmedia&parent=24"}],"curies":[{"name":"wp","href":"https:\/\/api.w.org\/{rel}","templated":true}]}}